{"id":3,"date":"2022-06-28T11:34:32","date_gmt":"2022-06-28T11:34:32","guid":{"rendered":"http:\/\/tering.hr\/?page_id=3"},"modified":"2022-08-08T09:45:06","modified_gmt":"2022-08-08T09:45:06","slug":"zastita-privatnosti","status":"publish","type":"page","link":"https:\/\/tering.hr\/en\/zastita-privatnosti\/","title":{"rendered":"Za\u0161tita privatnosti"},"content":{"rendered":"<p>Svaki Krajnji korisnik sam je odgovoran i du\u017ean periodi\u010dno pregledati ovu stranicu i prou\u010diti bilo kakve promjene u Izjavi o povjerljivosti podataka. Nastavak uporabe ove Internetske stranice od strane Krajnjeg korisnika nakon stupanja na snagu takvih izmjena, podrazumijeva da Krajnji korisnik potvr\u0111uje i prihva\u0107a sve uvjete tako izmijenjene Izjave o povjerljivosti podataka.<\/p>\n\n\n\n<h3 class=\"wp-block-heading\">Koje podatke i kada prikupljamo?<\/h3>\n\n\n\n<p>Termoin\u017eenjering-projektiranje d.o.o. prikuplja informacije koje identificiraju specifi\u010dnog Krajnjeg korisnika.<\/p>\n\n\n\n<p><strong>Kontakt obrazac:<\/strong>&nbsp;Kada se Krajnji korisnik uklju\u010di u odre\u0111ene aktivnosti na tering.hr Internetskoj stranici, prilikom ispunjavanja zahtjeva za kontakt tra\u017eimo Va\u0161e ime i prezime te e-mail adresu a isklju\u010divo u svrhu odgovora na Va\u0161 upit i eventualno dostavljanje ponude za \u0161to je pravna osnova definirana \u010dlankom 6 st.1. to\u010dka b) Op\u0107e uredbe o za\u0161titi podataka ( dalje u tekstu samo GDPR) odnosno obrada je nu\u017ena radi kako bi se poduzele radnje na zahtjev ispitanika prije sklapanja ugovora; ili u odre\u0111enim slu\u010dajevima to mo\u017ee biti definirano \u010dlankom 6 st. 1. to\u010dka c) GDPR 6 st.1. to\u010dka b) Op\u0107e uredbe o za\u0161titi podataka ( dalje u tekstu samo GDPR) odnosno obrada je nu\u017ena radi kako bi se poduzele radnje na zahtjev ispitanika prije sklapanja ugovora; ili u odre\u0111enim slu\u010dajevima to mo\u017ee biti definirano \u010dlankom 6 st. 1. to\u010dka c) GDPR ovisno o vrsti upita koji ste nam poslali ili ste nas kontaktirali.<\/p>","protected":false},"excerpt":{"rendered":"<p>Svaki Krajnji korisnik sam je odgovoran i du\u017ean periodi\u010dno pregledati ovu stranicu i prou\u010diti bilo kakve promjene u Izjavi o povjerljivosti podataka.<\/p>","protected":false},"author":1,"featured_media":61,"parent":0,"menu_order":0,"comment_status":"closed","ping_status":"open","template":"","meta":{"_acf_changed":false,"inline_featured_image":false,"footnotes":""},"class_list":["post-3","page","type-page","status-publish","has-post-thumbnail","hentry"],"acf":[],"yoast_head":"<!-- This site is optimized with the Yoast SEO plugin v27.5 - https:\/\/yoast.com\/product\/yoast-seo-wordpress\/ -->\n<title>Za\u0161tita privatnosti - Tering<\/title>\n<meta name=\"robots\" content=\"index, follow, max-snippet:-1, max-image-preview:large, max-video-preview:-1\" \/>\n<link rel=\"canonical\" href=\"https:\/\/tering.hr\/en\/zastita-privatnosti\/\" \/>\n<meta property=\"og:locale\" content=\"en_GB\" \/>\n<meta property=\"og:type\" content=\"article\" \/>\n<meta property=\"og:title\" content=\"Za\u0161tita privatnosti - Tering\" \/>\n<meta property=\"og:description\" content=\"Svaki Krajnji korisnik sam je odgovoran i du\u017ean periodi\u010dno pregledati ovu stranicu i prou\u010diti bilo kakve promjene u Izjavi o povjerljivosti podataka.\" \/>\n<meta property=\"og:url\" content=\"https:\/\/tering.hr\/en\/zastita-privatnosti\/\" \/>\n<meta property=\"og:site_name\" content=\"Tering\" \/>\n<meta property=\"article:modified_time\" content=\"2022-08-08T09:45:06+00:00\" \/>\n<meta property=\"og:image\" content=\"https:\/\/tering.hr\/wp-content\/uploads\/2022\/06\/tering_cover.jpg\" \/>\n\t<meta property=\"og:image:width\" content=\"1920\" \/>\n\t<meta property=\"og:image:height\" content=\"700\" \/>\n\t<meta property=\"og:image:type\" content=\"image\/jpeg\" \/>\n<meta name=\"twitter:card\" content=\"summary_large_image\" \/>\n<meta name=\"twitter:label1\" content=\"Estimated reading time\" \/>\n\t<meta name=\"twitter:data1\" content=\"2 minutes\" \/>\n<script type=\"application\/ld+json\" class=\"yoast-schema-graph\">{\"@context\":\"https:\\\/\\\/schema.org\",\"@graph\":[{\"@type\":\"WebPage\",\"@id\":\"https:\\\/\\\/tering.hr\\\/zastita-privatnosti\\\/\",\"url\":\"https:\\\/\\\/tering.hr\\\/zastita-privatnosti\\\/\",\"name\":\"Za\u0161tita privatnosti - Tering\",\"isPartOf\":{\"@id\":\"https:\\\/\\\/tering.hr\\\/#website\"},\"primaryImageOfPage\":{\"@id\":\"https:\\\/\\\/tering.hr\\\/zastita-privatnosti\\\/#primaryimage\"},\"image\":{\"@id\":\"https:\\\/\\\/tering.hr\\\/zastita-privatnosti\\\/#primaryimage\"},\"thumbnailUrl\":\"https:\\\/\\\/tering.hr\\\/wp-content\\\/uploads\\\/2022\\\/06\\\/tering_cover.jpg\",\"datePublished\":\"2022-06-28T11:34:32+00:00\",\"dateModified\":\"2022-08-08T09:45:06+00:00\",\"breadcrumb\":{\"@id\":\"https:\\\/\\\/tering.hr\\\/zastita-privatnosti\\\/#breadcrumb\"},\"inLanguage\":\"en-GB\",\"potentialAction\":[{\"@type\":\"ReadAction\",\"target\":[\"https:\\\/\\\/tering.hr\\\/zastita-privatnosti\\\/\"]}]},{\"@type\":\"ImageObject\",\"inLanguage\":\"en-GB\",\"@id\":\"https:\\\/\\\/tering.hr\\\/zastita-privatnosti\\\/#primaryimage\",\"url\":\"https:\\\/\\\/tering.hr\\\/wp-content\\\/uploads\\\/2022\\\/06\\\/tering_cover.jpg\",\"contentUrl\":\"https:\\\/\\\/tering.hr\\\/wp-content\\\/uploads\\\/2022\\\/06\\\/tering_cover.jpg\",\"width\":1920,\"height\":700,\"caption\":\"bckg\"},{\"@type\":\"BreadcrumbList\",\"@id\":\"https:\\\/\\\/tering.hr\\\/zastita-privatnosti\\\/#breadcrumb\",\"itemListElement\":[{\"@type\":\"ListItem\",\"position\":1,\"name\":\"Po\u010detna stranica\",\"item\":\"https:\\\/\\\/tering.hr\\\/\"},{\"@type\":\"ListItem\",\"position\":2,\"name\":\"Za\u0161tita privatnosti\"}]},{\"@type\":\"WebSite\",\"@id\":\"https:\\\/\\\/tering.hr\\\/#website\",\"url\":\"https:\\\/\\\/tering.hr\\\/\",\"name\":\"Tering\",\"description\":\"Sustainable Cycle Modeling\",\"publisher\":{\"@id\":\"https:\\\/\\\/tering.hr\\\/#organization\"},\"potentialAction\":[{\"@type\":\"SearchAction\",\"target\":{\"@type\":\"EntryPoint\",\"urlTemplate\":\"https:\\\/\\\/tering.hr\\\/?s={search_term_string}\"},\"query-input\":{\"@type\":\"PropertyValueSpecification\",\"valueRequired\":true,\"valueName\":\"search_term_string\"}}],\"inLanguage\":\"en-GB\"},{\"@type\":\"Organization\",\"@id\":\"https:\\\/\\\/tering.hr\\\/#organization\",\"name\":\"Tering\",\"url\":\"https:\\\/\\\/tering.hr\\\/\",\"logo\":{\"@type\":\"ImageObject\",\"inLanguage\":\"en-GB\",\"@id\":\"https:\\\/\\\/tering.hr\\\/#\\\/schema\\\/logo\\\/image\\\/\",\"url\":\"https:\\\/\\\/tering.hr\\\/wp-content\\\/uploads\\\/2022\\\/06\\\/TERING_logo_web_poz.svg\",\"contentUrl\":\"https:\\\/\\\/tering.hr\\\/wp-content\\\/uploads\\\/2022\\\/06\\\/TERING_logo_web_poz.svg\",\"width\":\"1024\",\"height\":\"1024\",\"caption\":\"Tering\"},\"image\":{\"@id\":\"https:\\\/\\\/tering.hr\\\/#\\\/schema\\\/logo\\\/image\\\/\"}}]}<\/script>\n<!-- \/ Yoast SEO plugin. -->","yoast_head_json":{"title":"Za\u0161tita privatnosti - Tering","robots":{"index":"index","follow":"follow","max-snippet":"max-snippet:-1","max-image-preview":"max-image-preview:large","max-video-preview":"max-video-preview:-1"},"canonical":"https:\/\/tering.hr\/en\/zastita-privatnosti\/","og_locale":"en_GB","og_type":"article","og_title":"Za\u0161tita privatnosti - Tering","og_description":"Svaki Krajnji korisnik sam je odgovoran i du\u017ean periodi\u010dno pregledati ovu stranicu i prou\u010diti bilo kakve promjene u Izjavi o povjerljivosti podataka.","og_url":"https:\/\/tering.hr\/en\/zastita-privatnosti\/","og_site_name":"Tering","article_modified_time":"2022-08-08T09:45:06+00:00","og_image":[{"width":1920,"height":700,"url":"https:\/\/tering.hr\/wp-content\/uploads\/2022\/06\/tering_cover.jpg","type":"image\/jpeg"}],"twitter_card":"summary_large_image","twitter_misc":{"Estimated reading time":"2 minutes"},"schema":{"@context":"https:\/\/schema.org","@graph":[{"@type":"WebPage","@id":"https:\/\/tering.hr\/zastita-privatnosti\/","url":"https:\/\/tering.hr\/zastita-privatnosti\/","name":"Za\u0161tita privatnosti - Tering","isPartOf":{"@id":"https:\/\/tering.hr\/#website"},"primaryImageOfPage":{"@id":"https:\/\/tering.hr\/zastita-privatnosti\/#primaryimage"},"image":{"@id":"https:\/\/tering.hr\/zastita-privatnosti\/#primaryimage"},"thumbnailUrl":"https:\/\/tering.hr\/wp-content\/uploads\/2022\/06\/tering_cover.jpg","datePublished":"2022-06-28T11:34:32+00:00","dateModified":"2022-08-08T09:45:06+00:00","breadcrumb":{"@id":"https:\/\/tering.hr\/zastita-privatnosti\/#breadcrumb"},"inLanguage":"en-GB","potentialAction":[{"@type":"ReadAction","target":["https:\/\/tering.hr\/zastita-privatnosti\/"]}]},{"@type":"ImageObject","inLanguage":"en-GB","@id":"https:\/\/tering.hr\/zastita-privatnosti\/#primaryimage","url":"https:\/\/tering.hr\/wp-content\/uploads\/2022\/06\/tering_cover.jpg","contentUrl":"https:\/\/tering.hr\/wp-content\/uploads\/2022\/06\/tering_cover.jpg","width":1920,"height":700,"caption":"bckg"},{"@type":"BreadcrumbList","@id":"https:\/\/tering.hr\/zastita-privatnosti\/#breadcrumb","itemListElement":[{"@type":"ListItem","position":1,"name":"Po\u010detna stranica","item":"https:\/\/tering.hr\/"},{"@type":"ListItem","position":2,"name":"Za\u0161tita privatnosti"}]},{"@type":"WebSite","@id":"https:\/\/tering.hr\/#website","url":"https:\/\/tering.hr\/","name":"Tering","description":"Sustainable Cycle Modeling","publisher":{"@id":"https:\/\/tering.hr\/#organization"},"potentialAction":[{"@type":"SearchAction","target":{"@type":"EntryPoint","urlTemplate":"https:\/\/tering.hr\/?s={search_term_string}"},"query-input":{"@type":"PropertyValueSpecification","valueRequired":true,"valueName":"search_term_string"}}],"inLanguage":"en-GB"},{"@type":"Organization","@id":"https:\/\/tering.hr\/#organization","name":"Tering","url":"https:\/\/tering.hr\/","logo":{"@type":"ImageObject","inLanguage":"en-GB","@id":"https:\/\/tering.hr\/#\/schema\/logo\/image\/","url":"https:\/\/tering.hr\/wp-content\/uploads\/2022\/06\/TERING_logo_web_poz.svg","contentUrl":"https:\/\/tering.hr\/wp-content\/uploads\/2022\/06\/TERING_logo_web_poz.svg","width":"1024","height":"1024","caption":"Tering"},"image":{"@id":"https:\/\/tering.hr\/#\/schema\/logo\/image\/"}}]}},"_links":{"self":[{"href":"https:\/\/tering.hr\/en\/wp-json\/wp\/v2\/pages\/3","targetHints":{"allow":["GET"]}}],"collection":[{"href":"https:\/\/tering.hr\/en\/wp-json\/wp\/v2\/pages"}],"about":[{"href":"https:\/\/tering.hr\/en\/wp-json\/wp\/v2\/types\/page"}],"author":[{"embeddable":true,"href":"https:\/\/tering.hr\/en\/wp-json\/wp\/v2\/users\/1"}],"replies":[{"embeddable":true,"href":"https:\/\/tering.hr\/en\/wp-json\/wp\/v2\/comments?post=3"}],"version-history":[{"count":0,"href":"https:\/\/tering.hr\/en\/wp-json\/wp\/v2\/pages\/3\/revisions"}],"wp:featuredmedia":[{"embeddable":true,"href":"https:\/\/tering.hr\/en\/wp-json\/wp\/v2\/media\/61"}],"wp:attachment":[{"href":"https:\/\/tering.hr\/en\/wp-json\/wp\/v2\/media?parent=3"}],"curies":[{"name":"wp","href":"https:\/\/api.w.org\/{rel}","templated":true}]}}