{"id":519,"date":"2022-07-13T14:06:28","date_gmt":"2022-07-13T14:06:28","guid":{"rendered":"https:\/\/tering.hr\/?page_id=519"},"modified":"2022-08-23T11:52:12","modified_gmt":"2022-08-23T11:52:12","slug":"cfd","status":"publish","type":"page","link":"https:\/\/tering.hr\/en\/cfd\/","title":{"rendered":"CFD"},"content":{"rendered":"<section id=\"section-15-68\" class=\"ct-section\" style=\"background-image:url(https:\/\/tering.hr\/wp-content\/uploads\/2022\/06\/tering_cover.jpg);background-size: cover;\" ><div class=\"ct-section-inner-wrap\"><div id=\"div_block-16-68\" class=\"ct-div-block\" ><div id=\"headline-18-68\" class=\"ct-headline headig-hero-inner\"><span id=\"span-8-169\" class=\"ct-span\" >CFD<\/span><\/div><\/div><\/div><\/section><section id=\"section-13-169\" class=\"ct-section\" ><div class=\"ct-section-inner-wrap\"><div id=\"div_block-14-169\" class=\"ct-div-block oxel-breadcrumb-wrapper\" ><div id=\"code_block-15-169\" class=\"ct-code-block oxel-breadcrumb-code\" ><p id=\"breadcrumbs\"><span><span><a href=\"https:\/\/tering.hr\/en\/\">Home<\/a><\/span><\/span><\/p><\/div><\/div><\/div><\/section>\n\n<section id=\"section-16-420\" class=\"ct-section\" ><div class=\"ct-section-inner-wrap\"><div id=\"div_block-17-420\" class=\"ct-div-block\" ><div id=\"_rich_text-21-420\" class=\"oxy-rich-text\" ><h2>CFD (Computational fluid dynamics)&nbsp;<\/h2>\n<p>Kori&scaron;tenje BIM-a omogu\u0107ilo nam je kori&scaron;tenje novih tehnologija, pa \u010dak i pobolj&scaron;anje na&scaron;ih MEP rje&scaron;enja na zadovoljstvo klijenata. Jedna od tih tehnologija je CFD (Computational fluid dynamics) modeliranje koje je od velike va\u017enosti u projektiranju.<\/p>\n<h3>Omogu\u0107uje predvi\u0111anje radnih karakteristika<\/h3>\n<p>CFD tehnologija omogu\u0107uje dizajnerima predvi\u0111anje radnih karakteristika, validaciju performansi i vizualizaciju protoka i\/ili toplinskih pojava koje je te&scaron;ko uhvatiti u stvarnom svijetu. Ovo je klju\u010dno za AEC aplikacije jer izrada prototipa zgrada nije prakti\u010dna, a naknadna oprema postoje\u0107ih dizajna je skupa.<\/p>\n<p>Kori&scaron;tenje CFD simulacije ranije u procesu projektiranja omogu\u0107uje ispravljanje potencijalnih problema s performansama, eliminiraju\u0107i skupe dorade ili naknadnu ugradnju.<\/p>\n<h3>Analiza toplinske udobnosti<\/h3>\n<p>Jedno od na&scaron;ih CFD rje&scaron;avanja problema je analiza toplinske udobnosti na brojnim projektima, od jednostavnih obiteljskih ku\u0107a do slo\u017eenih sportskih dvorana. Obi\u010dno je cilj ove analize procijeniti u\u010dinkovitost HVAC sustava za dva razli\u010dita na\u010dina rada: ljeto i zimi.<\/p>\n<p>Ovom analizom osiguravamo da je HVAC sustav pravilno projektiran i da na ispravan na\u010din maksimizira toplinsku udobnost svih stanara kori&scaron;tenjem &scaron;to ni\u017ee mogu\u0107e energije. U projektiranju zgrada zna\u010dajnu energiju tro&scaron;i oprema koja pomi\u010de i kondicionira zrak.<\/p>\n<p>Potrebna koli\u010dina zraka i klimatizacije mo\u017ee se optimizirati procjenom toplinske stratifikacije i putova strujanja zraka u CFD-u.<\/p>\n<h3>Analiza za kretanje vatre i dima<\/h3>\n<p>CFD analiza za kretanje vatre i dima unutar gara\u017ea, atrija itd. za takva podru\u010dja\/zgrade, CFD studija je neophodan alat koji mo\u017ee predvidjeti kretanje dima i utjecaj sustava za ispu&scaron;tanje dima.<\/p>\n<p>Cilj ove studije je projektiranje sustava za odvod dima koji \u0107e pomo\u0107i u odr\u017eavanju odr\u017eivih uvjeta u hodnicima zgrade ako do\u0111e do po\u017eara u zoni predvorja. Osim sustava za usisavanje dima, na&scaron;e odgovornosti uklju\u010divale su istra\u017eivanje scenarija po\u017eara i kako \u0107e potencijalni po\u017ear utjecati na gra\u0111evinske konstrukcije.<\/p>\n<h3>Analiza potencijala prirodne ventilacije<\/h3>\n<p>Analiza potencijala prirodne ventilacije za projektirane zgrade, obi\u010dno za hotele u kojima su veliki atriji veliki potro&scaron;a\u010di energije i gdje se primjenom odgovaraju\u0107ih tehnika prirodne ventilacije mogu posti\u0107i zna\u010dajne u&scaron;tede.<\/p>\n<p>CFD analiza omogu\u0107uje pravilno dimenzioniranje sustava, a pritom mislimo na polo\u017eaj dovodnih i odvodnih otvora (vrata, prozori, \u017ealuzine); veli\u010dina otvora, oblik zgrade (atrija), orijentacija zgrade itd.<\/p>\n<p>Pravilno dimenzioniran sustav smanjuje potro&scaron;nju energije i operativne tro&scaron;kove zgrade te podi\u017ee toplinsku udobnost u zatvorenom prostoru tijekom zadovoljavanja vanjskih uvjeta.<\/p>\n<h3>Distribucija temperature kroz zauzetu zonu<\/h3>\n<p>Pomo\u0107u CFD-a mo\u017eemo razumjeti distribuciju temperature kroz zauzetu zonu kako bismo osigurali unutarnju udobnost i odr\u017eali operativnu u\u010dinkovitost te kvantificirali i ura\u010dunali raspr&scaron;enu toplinu putnika i smanjili izmjene zraka po satu. Smanjujemo operativne tro&scaron;kove optimiziranjem u\u010dinkovitosti sustava distribucije zraka te ispitivanjem dometa difuzora i obrazaca protoka procijeniti u\u010dinkovitost u prilago\u0111enim HVAC instalacijama i provjeriti potencijal prirodne ventilacije objekta.<\/p><\/div><\/div><\/div><\/section>\n\n<section id=\"section-2-407\" class=\"ct-section\" ><div class=\"ct-section-inner-wrap\"><h3 id=\"headline-220-407\" class=\"ct-headline\">Our Projects<\/h3><div id=\"_dynamic_list-11-407\" class=\"oxy-dynamic-list\"><div id=\"div_block-12-407-1\" class=\"ct-div-block\" data-id=\"div_block-12-407\"><a id=\"link-215-407-1\" class=\"ct-link\" href=\"https:\/\/tering.hr\/en\/projekti\/preuredenje-dijela-resorta-novi\/\" target=\"_self\" data-id=\"link-215-407\"><div id=\"new_columns-13-407-1\" class=\"ct-new-columns\" data-id=\"new_columns-13-407\"><div id=\"div_block-17-407-1\" class=\"ct-div-block\" data-id=\"div_block-17-407\"><div id=\"text_block-18-407-1\" class=\"ct-text-block ln-kategorija\" data-id=\"text_block-18-407\"><span id=\"span-19-407\" class=\"ct-span\" ><a href=\"https:\/\/tering.hr\/en\/industrija\/hoteli-i-resorti\/\" rel=\"tag\">HOTELS AND RESORTS<\/a><\/span><\/div><h3 id=\"headline-20-407-1\" class=\"ct-headline\" data-id=\"headline-20-407\"><span id=\"span-21-407\" class=\"ct-span\" ><a href='https:\/\/tering.hr\/en\/projekti\/preuredenje-dijela-resorta-novi\/'>Preure\u0111enje dijela Resorta Novi<\/a><\/span><\/h3><p id=\"text_block-22-407-1\" class=\"ct-text-block\" data-id=\"text_block-22-407\"><span id=\"span-23-407\" class=\"ct-span\" >Tvrtka Tering je u periodu od 2006. \u2013 do 2008. izradila projektnu&hellip;<\/span><\/p><\/div><\/div><\/a><a id=\"link-24-407-1\" class=\"ct-link oxel_icon_button__container\" href=\"https:\/\/tering.hr\/en\/projekti\/preuredenje-dijela-resorta-novi\/\" target=\"_self\" role=\"button\" data-id=\"link-24-407\"><div id=\"text_block-25-407-1\" class=\"ct-text-block oxel_icon_button_text\" data-id=\"text_block-25-407\">READ MORE<\/div><div id=\"fancy_icon-26-407-1\" class=\"ct-fancy-icon oxel_icon_button_icon\" data-id=\"fancy_icon-26-407\"><svg id=\"svg-fancy_icon-26-407-1\" data-id=\"svg-fancy_icon-26-407\"><use xlink:href=\"#FontAwesomeicon-long-arrow-right\"><\/use><\/svg><\/div><\/a><\/div><div id=\"div_block-12-407-2\" class=\"ct-div-block\" data-id=\"div_block-12-407\"><a id=\"link-215-407-2\" class=\"ct-link\" href=\"https:\/\/tering.hr\/en\/projekti\/rekonstrukcija-stadiona-kranjceviceva\/\" target=\"_self\" data-id=\"link-215-407\"><div id=\"new_columns-13-407-2\" class=\"ct-new-columns\" data-id=\"new_columns-13-407\"><div id=\"div_block-17-407-2\" class=\"ct-div-block\" data-id=\"div_block-17-407\"><div id=\"text_block-18-407-2\" class=\"ct-text-block ln-kategorija\" data-id=\"text_block-18-407\"><span id=\"span-19-407\" class=\"ct-span\" ><a href=\"https:\/\/tering.hr\/en\/industrija\/sportski-objekti\/\" rel=\"tag\">SPORTS<\/a><\/span><\/div><h3 id=\"headline-20-407-2\" class=\"ct-headline\" data-id=\"headline-20-407\"><span id=\"span-21-407\" class=\"ct-span\" ><a href='https:\/\/tering.hr\/en\/projekti\/rekonstrukcija-stadiona-kranjceviceva\/'>Rekonstrukcija stadiona Kranj\u010devi\u0107eva<\/a><\/span><\/h3><p id=\"text_block-22-407-2\" class=\"ct-text-block\" data-id=\"text_block-22-407\"><span id=\"span-23-407\" class=\"ct-span\" >Koncem travnja 2025. zapo\u010deli su radovi ru\u0161enja stadiona u Kranj\u010devi\u0107evoj na \u010dijem&hellip;<\/span><\/p><\/div><\/div><\/a><a id=\"link-24-407-2\" class=\"ct-link oxel_icon_button__container\" href=\"https:\/\/tering.hr\/en\/projekti\/rekonstrukcija-stadiona-kranjceviceva\/\" target=\"_self\" role=\"button\" data-id=\"link-24-407\"><div id=\"text_block-25-407-2\" class=\"ct-text-block oxel_icon_button_text\" data-id=\"text_block-25-407\">READ MORE<\/div><div id=\"fancy_icon-26-407-2\" class=\"ct-fancy-icon oxel_icon_button_icon\" data-id=\"fancy_icon-26-407\"><svg id=\"svg-fancy_icon-26-407-2\" data-id=\"svg-fancy_icon-26-407\"><use xlink:href=\"#FontAwesomeicon-long-arrow-right\"><\/use><\/svg><\/div><\/a><\/div><div id=\"div_block-12-407-3\" class=\"ct-div-block\" data-id=\"div_block-12-407\"><a id=\"link-215-407-3\" class=\"ct-link\" href=\"https:\/\/tering.hr\/en\/projekti\/garazno-poslovni-objekt-small-mall-s-trafostanicom\/\" target=\"_self\" data-id=\"link-215-407\"><div id=\"new_columns-13-407-3\" class=\"ct-new-columns\" data-id=\"new_columns-13-407\"><div id=\"div_block-17-407-3\" class=\"ct-div-block\" data-id=\"div_block-17-407\"><div id=\"text_block-18-407-3\" class=\"ct-text-block ln-kategorija\" data-id=\"text_block-18-407\"><span id=\"span-19-407\" class=\"ct-span\" ><a href=\"https:\/\/tering.hr\/en\/industrija\/poslovni-i-stambeni-objekti\/\" rel=\"tag\">BUSINESS AND RESIDENTAL<\/a><\/span><\/div><h3 id=\"headline-20-407-3\" class=\"ct-headline\" data-id=\"headline-20-407\"><span id=\"span-21-407\" class=\"ct-span\" ><a href='https:\/\/tering.hr\/en\/projekti\/garazno-poslovni-objekt-small-mall-s-trafostanicom\/'>Gara\u017eno poslovni objekt Small Mall s trafostanicom<\/a><\/span><\/h3><p id=\"text_block-22-407-3\" class=\"ct-text-block\" data-id=\"text_block-22-407\"><span id=\"span-23-407\" class=\"ct-span\" >Ova vi\u0161enamjenska gra\u0111evina sastoji se od: podzemne javne gara\u017ee s vi\u0161e od&hellip;<\/span><\/p><\/div><\/div><\/a><a id=\"link-24-407-3\" class=\"ct-link oxel_icon_button__container\" href=\"https:\/\/tering.hr\/en\/projekti\/garazno-poslovni-objekt-small-mall-s-trafostanicom\/\" target=\"_self\" role=\"button\" data-id=\"link-24-407\"><div id=\"text_block-25-407-3\" class=\"ct-text-block oxel_icon_button_text\" data-id=\"text_block-25-407\">READ MORE<\/div><div id=\"fancy_icon-26-407-3\" class=\"ct-fancy-icon oxel_icon_button_icon\" data-id=\"fancy_icon-26-407\"><svg id=\"svg-fancy_icon-26-407-3\" data-id=\"svg-fancy_icon-26-407\"><use xlink:href=\"#FontAwesomeicon-long-arrow-right\"><\/use><\/svg><\/div><\/a><\/div><div id=\"div_block-12-407-4\" class=\"ct-div-block\" data-id=\"div_block-12-407\"><a id=\"link-215-407-4\" class=\"ct-link\" href=\"https:\/\/tering.hr\/en\/projekti\/turisticko-naselje-suha-punta\/\" target=\"_self\" data-id=\"link-215-407\"><div id=\"new_columns-13-407-4\" class=\"ct-new-columns\" data-id=\"new_columns-13-407\"><div id=\"div_block-17-407-4\" class=\"ct-div-block\" data-id=\"div_block-17-407\"><div id=\"text_block-18-407-4\" class=\"ct-text-block ln-kategorija\" data-id=\"text_block-18-407\"><span id=\"span-19-407\" class=\"ct-span\" ><a href=\"https:\/\/tering.hr\/en\/industrija\/hoteli-i-resorti\/\" rel=\"tag\">HOTELS AND RESORTS<\/a><\/span><\/div><h3 id=\"headline-20-407-4\" class=\"ct-headline\" data-id=\"headline-20-407\"><span id=\"span-21-407\" class=\"ct-span\" ><a href='https:\/\/tering.hr\/en\/projekti\/turisticko-naselje-suha-punta\/'>Arba Resort, Rab<\/a><\/span><\/h3><p id=\"text_block-22-407-4\" class=\"ct-text-block\" data-id=\"text_block-22-407\"><span id=\"span-23-407\" class=\"ct-span\" >Projekt izgradnje i rekonstrukcije Arba Resorta na otoku Rabu, smje\u0161ten na \u0161umovitom&hellip;<\/span><\/p><\/div><\/div><\/a><a id=\"link-24-407-4\" class=\"ct-link oxel_icon_button__container\" href=\"https:\/\/tering.hr\/en\/projekti\/turisticko-naselje-suha-punta\/\" target=\"_self\" role=\"button\" data-id=\"link-24-407\"><div id=\"text_block-25-407-4\" class=\"ct-text-block oxel_icon_button_text\" data-id=\"text_block-25-407\">READ MORE<\/div><div id=\"fancy_icon-26-407-4\" class=\"ct-fancy-icon oxel_icon_button_icon\" data-id=\"fancy_icon-26-407\"><svg id=\"svg-fancy_icon-26-407-4\" data-id=\"svg-fancy_icon-26-407\"><use xlink:href=\"#FontAwesomeicon-long-arrow-right\"><\/use><\/svg><\/div><\/a><\/div>                    \n                                            \n                                        \n                    <\/div>\n<\/div><\/section>\n\n<section id=\"section-137-357\" class=\"ct-section\" ><div class=\"ct-section-inner-wrap\"><div id=\"new_columns-141-357\" class=\"ct-new-columns\" ><div id=\"div_block-144-357\" class=\"ct-div-block\" ><div id=\"headline-139-357\" class=\"ct-headline\">CONTACT US<\/div><div id=\"text_block-140-357\" class=\"ct-text-block\" >We will be happy to advise you. Send us an inquiry and our team will contact you as soon as possible.<\/div><\/div><div id=\"div_block-145-357\" class=\"ct-div-block\" ><a id=\"link-150-357\" class=\"ct-link icon-button-kontakt\" href=\"https:\/\/tering.hr\/en\/kontakt\/\"    role=\"button\"><div id=\"text_block-152-357\" class=\"ct-text-block oxel_icon_button_text\" >CONTACT<\/div><div id=\"fancy_icon-151-357\" class=\"ct-fancy-icon oxel_icon_button_icon\" ><svg id=\"svg-fancy_icon-151-357\"><use xlink:href=\"#FontAwesomeicon-long-arrow-right\"><\/use><\/svg><\/div><\/a><\/div><\/div><\/div><\/section>","protected":false},"excerpt":{"rendered":"<p>Kori\u0161tenje BIM-a omogu\u0107ilo nam je kori\u0161tenje novih tehnologija, pa \u010dak i pobolj\u0161anje na\u0161ih MEP rje\u0161enja na zadovoljstvo klijenata.<\/p>","protected":false},"author":1,"featured_media":61,"parent":0,"menu_order":0,"comment_status":"closed","ping_status":"closed","template":"","meta":{"_acf_changed":false,"inline_featured_image":false,"footnotes":""},"class_list":["post-519","page","type-page","status-publish","has-post-thumbnail","hentry"],"acf":[],"yoast_head":"<!-- This site is optimized with the Yoast SEO plugin v27.5 - https:\/\/yoast.com\/product\/yoast-seo-wordpress\/ -->\n<title>CFD - Tering<\/title>\n<meta name=\"robots\" content=\"index, follow, max-snippet:-1, max-image-preview:large, max-video-preview:-1\" \/>\n<link rel=\"canonical\" href=\"https:\/\/tering.hr\/en\/cfd\/\" \/>\n<meta property=\"og:locale\" content=\"en_GB\" \/>\n<meta property=\"og:type\" content=\"article\" \/>\n<meta property=\"og:title\" content=\"CFD - Tering\" \/>\n<meta property=\"og:description\" content=\"Kori\u0161tenje BIM-a omogu\u0107ilo nam je kori\u0161tenje novih tehnologija, pa \u010dak i pobolj\u0161anje na\u0161ih MEP rje\u0161enja na zadovoljstvo klijenata.\" \/>\n<meta property=\"og:url\" content=\"https:\/\/tering.hr\/en\/cfd\/\" \/>\n<meta property=\"og:site_name\" content=\"Tering\" \/>\n<meta property=\"article:modified_time\" content=\"2022-08-23T11:52:12+00:00\" \/>\n<meta property=\"og:image\" content=\"https:\/\/tering.hr\/wp-content\/uploads\/2022\/06\/tering_cover.jpg\" \/>\n\t<meta property=\"og:image:width\" content=\"1920\" \/>\n\t<meta property=\"og:image:height\" content=\"700\" \/>\n\t<meta property=\"og:image:type\" content=\"image\/jpeg\" \/>\n<meta name=\"twitter:card\" content=\"summary_large_image\" \/>\n<script type=\"application\/ld+json\" class=\"yoast-schema-graph\">{\"@context\":\"https:\\\/\\\/schema.org\",\"@graph\":[{\"@type\":\"WebPage\",\"@id\":\"https:\\\/\\\/tering.hr\\\/cfd\\\/\",\"url\":\"https:\\\/\\\/tering.hr\\\/cfd\\\/\",\"name\":\"CFD - Tering\",\"isPartOf\":{\"@id\":\"https:\\\/\\\/tering.hr\\\/#website\"},\"primaryImageOfPage\":{\"@id\":\"https:\\\/\\\/tering.hr\\\/cfd\\\/#primaryimage\"},\"image\":{\"@id\":\"https:\\\/\\\/tering.hr\\\/cfd\\\/#primaryimage\"},\"thumbnailUrl\":\"https:\\\/\\\/tering.hr\\\/wp-content\\\/uploads\\\/2022\\\/06\\\/tering_cover.jpg\",\"datePublished\":\"2022-07-13T14:06:28+00:00\",\"dateModified\":\"2022-08-23T11:52:12+00:00\",\"breadcrumb\":{\"@id\":\"https:\\\/\\\/tering.hr\\\/cfd\\\/#breadcrumb\"},\"inLanguage\":\"en-GB\",\"potentialAction\":[{\"@type\":\"ReadAction\",\"target\":[\"https:\\\/\\\/tering.hr\\\/cfd\\\/\"]}]},{\"@type\":\"ImageObject\",\"inLanguage\":\"en-GB\",\"@id\":\"https:\\\/\\\/tering.hr\\\/cfd\\\/#primaryimage\",\"url\":\"https:\\\/\\\/tering.hr\\\/wp-content\\\/uploads\\\/2022\\\/06\\\/tering_cover.jpg\",\"contentUrl\":\"https:\\\/\\\/tering.hr\\\/wp-content\\\/uploads\\\/2022\\\/06\\\/tering_cover.jpg\",\"width\":1920,\"height\":700,\"caption\":\"bckg\"},{\"@type\":\"BreadcrumbList\",\"@id\":\"https:\\\/\\\/tering.hr\\\/cfd\\\/#breadcrumb\",\"itemListElement\":[{\"@type\":\"ListItem\",\"position\":1,\"name\":\"Po\u010detna stranica\",\"item\":\"https:\\\/\\\/tering.hr\\\/\"},{\"@type\":\"ListItem\",\"position\":2,\"name\":\"CFD\"}]},{\"@type\":\"WebSite\",\"@id\":\"https:\\\/\\\/tering.hr\\\/#website\",\"url\":\"https:\\\/\\\/tering.hr\\\/\",\"name\":\"Tering\",\"description\":\"Sustainable Cycle Modeling\",\"publisher\":{\"@id\":\"https:\\\/\\\/tering.hr\\\/#organization\"},\"potentialAction\":[{\"@type\":\"SearchAction\",\"target\":{\"@type\":\"EntryPoint\",\"urlTemplate\":\"https:\\\/\\\/tering.hr\\\/?s={search_term_string}\"},\"query-input\":{\"@type\":\"PropertyValueSpecification\",\"valueRequired\":true,\"valueName\":\"search_term_string\"}}],\"inLanguage\":\"en-GB\"},{\"@type\":\"Organization\",\"@id\":\"https:\\\/\\\/tering.hr\\\/#organization\",\"name\":\"Tering\",\"url\":\"https:\\\/\\\/tering.hr\\\/\",\"logo\":{\"@type\":\"ImageObject\",\"inLanguage\":\"en-GB\",\"@id\":\"https:\\\/\\\/tering.hr\\\/#\\\/schema\\\/logo\\\/image\\\/\",\"url\":\"https:\\\/\\\/tering.hr\\\/wp-content\\\/uploads\\\/2022\\\/06\\\/TERING_logo_web_poz.svg\",\"contentUrl\":\"https:\\\/\\\/tering.hr\\\/wp-content\\\/uploads\\\/2022\\\/06\\\/TERING_logo_web_poz.svg\",\"width\":\"1024\",\"height\":\"1024\",\"caption\":\"Tering\"},\"image\":{\"@id\":\"https:\\\/\\\/tering.hr\\\/#\\\/schema\\\/logo\\\/image\\\/\"}}]}<\/script>\n<!-- \/ Yoast SEO plugin. -->","yoast_head_json":{"title":"CFD - Tering","robots":{"index":"index","follow":"follow","max-snippet":"max-snippet:-1","max-image-preview":"max-image-preview:large","max-video-preview":"max-video-preview:-1"},"canonical":"https:\/\/tering.hr\/en\/cfd\/","og_locale":"en_GB","og_type":"article","og_title":"CFD - Tering","og_description":"Kori\u0161tenje BIM-a omogu\u0107ilo nam je kori\u0161tenje novih tehnologija, pa \u010dak i pobolj\u0161anje na\u0161ih MEP rje\u0161enja na zadovoljstvo klijenata.","og_url":"https:\/\/tering.hr\/en\/cfd\/","og_site_name":"Tering","article_modified_time":"2022-08-23T11:52:12+00:00","og_image":[{"width":1920,"height":700,"url":"https:\/\/tering.hr\/wp-content\/uploads\/2022\/06\/tering_cover.jpg","type":"image\/jpeg"}],"twitter_card":"summary_large_image","schema":{"@context":"https:\/\/schema.org","@graph":[{"@type":"WebPage","@id":"https:\/\/tering.hr\/cfd\/","url":"https:\/\/tering.hr\/cfd\/","name":"CFD - Tering","isPartOf":{"@id":"https:\/\/tering.hr\/#website"},"primaryImageOfPage":{"@id":"https:\/\/tering.hr\/cfd\/#primaryimage"},"image":{"@id":"https:\/\/tering.hr\/cfd\/#primaryimage"},"thumbnailUrl":"https:\/\/tering.hr\/wp-content\/uploads\/2022\/06\/tering_cover.jpg","datePublished":"2022-07-13T14:06:28+00:00","dateModified":"2022-08-23T11:52:12+00:00","breadcrumb":{"@id":"https:\/\/tering.hr\/cfd\/#breadcrumb"},"inLanguage":"en-GB","potentialAction":[{"@type":"ReadAction","target":["https:\/\/tering.hr\/cfd\/"]}]},{"@type":"ImageObject","inLanguage":"en-GB","@id":"https:\/\/tering.hr\/cfd\/#primaryimage","url":"https:\/\/tering.hr\/wp-content\/uploads\/2022\/06\/tering_cover.jpg","contentUrl":"https:\/\/tering.hr\/wp-content\/uploads\/2022\/06\/tering_cover.jpg","width":1920,"height":700,"caption":"bckg"},{"@type":"BreadcrumbList","@id":"https:\/\/tering.hr\/cfd\/#breadcrumb","itemListElement":[{"@type":"ListItem","position":1,"name":"Po\u010detna stranica","item":"https:\/\/tering.hr\/"},{"@type":"ListItem","position":2,"name":"CFD"}]},{"@type":"WebSite","@id":"https:\/\/tering.hr\/#website","url":"https:\/\/tering.hr\/","name":"Tering","description":"Sustainable Cycle Modeling","publisher":{"@id":"https:\/\/tering.hr\/#organization"},"potentialAction":[{"@type":"SearchAction","target":{"@type":"EntryPoint","urlTemplate":"https:\/\/tering.hr\/?s={search_term_string}"},"query-input":{"@type":"PropertyValueSpecification","valueRequired":true,"valueName":"search_term_string"}}],"inLanguage":"en-GB"},{"@type":"Organization","@id":"https:\/\/tering.hr\/#organization","name":"Tering","url":"https:\/\/tering.hr\/","logo":{"@type":"ImageObject","inLanguage":"en-GB","@id":"https:\/\/tering.hr\/#\/schema\/logo\/image\/","url":"https:\/\/tering.hr\/wp-content\/uploads\/2022\/06\/TERING_logo_web_poz.svg","contentUrl":"https:\/\/tering.hr\/wp-content\/uploads\/2022\/06\/TERING_logo_web_poz.svg","width":"1024","height":"1024","caption":"Tering"},"image":{"@id":"https:\/\/tering.hr\/#\/schema\/logo\/image\/"}}]}},"_links":{"self":[{"href":"https:\/\/tering.hr\/en\/wp-json\/wp\/v2\/pages\/519","targetHints":{"allow":["GET"]}}],"collection":[{"href":"https:\/\/tering.hr\/en\/wp-json\/wp\/v2\/pages"}],"about":[{"href":"https:\/\/tering.hr\/en\/wp-json\/wp\/v2\/types\/page"}],"author":[{"embeddable":true,"href":"https:\/\/tering.hr\/en\/wp-json\/wp\/v2\/users\/1"}],"replies":[{"embeddable":true,"href":"https:\/\/tering.hr\/en\/wp-json\/wp\/v2\/comments?post=519"}],"version-history":[{"count":2,"href":"https:\/\/tering.hr\/en\/wp-json\/wp\/v2\/pages\/519\/revisions"}],"predecessor-version":[{"id":804,"href":"https:\/\/tering.hr\/en\/wp-json\/wp\/v2\/pages\/519\/revisions\/804"}],"wp:featuredmedia":[{"embeddable":true,"href":"https:\/\/tering.hr\/en\/wp-json\/wp\/v2\/media\/61"}],"wp:attachment":[{"href":"https:\/\/tering.hr\/en\/wp-json\/wp\/v2\/media?parent=519"}],"curies":[{"name":"wp","href":"https:\/\/api.w.org\/{rel}","templated":true}]}}