{"id":69,"date":"2022-06-28T12:35:40","date_gmt":"2022-06-28T12:35:40","guid":{"rendered":"https:\/\/tering.hr\/?page_id=69"},"modified":"2022-09-14T09:22:28","modified_gmt":"2022-09-14T09:22:28","slug":"pocetna","status":"publish","type":"page","link":"https:\/\/tering.hr\/en\/","title":{"rendered":"Po\u010detna"},"content":{"rendered":"<section id=\"section-2-68\" class=\"ct-section\" style=\"background-image:url(https:\/\/tering.hr\/wp-content\/uploads\/2022\/06\/tering_cover.jpg);background-size: cover;\" ><div class=\"ct-section-inner-wrap\"><div id=\"div_block-6-68\" class=\"ct-div-block\" ><div id=\"_rich_text-5-68\" class=\"oxy-rich-text\" ><p>DESIGNS FOR INVESTMENTS<\/p><\/div><div id=\"headline-3-68\" class=\"ct-headline heading_hero\">Sustainable<br><br>Cycle Modeling<span id=\"span-13-68\" class=\"ct-span blinking\" >_<\/span><\/div><\/div><div id=\"div_block-11-68\" class=\"ct-div-block\" ><a id=\"link-9-68\" class=\"ct-link\" href=\"#section-2-407\" target=\"_self\"  ><div id=\"fancy_icon-10-68\" class=\"ct-fancy-icon\" ><svg id=\"svg-fancy_icon-10-68\"><use xlink:href=\"#FontAwesomeicon-chevron-down\"><\/use><\/svg><\/div><\/a><\/div><\/div><\/section>\n\n<section id=\"section-53-399\" class=\"ct-section\" ><div class=\"ct-section-inner-wrap\"><h1 id=\"headline-3-399\" class=\"ct-headline\">Comprehensive MEP services and BIM design<\/h1><\/div><\/section><section id=\"section-2-399\" class=\"ct-section\" ><div class=\"ct-section-inner-wrap\"><div id=\"new_columns-42-399\" class=\"ct-new-columns\" ><div id=\"div_block-43-399\" class=\"ct-div-block\" ><div id=\"headline-44-399\" class=\"ct-headline\">SERVICES<\/div><h2 id=\"headline-45-399\" class=\"ct-headline\">Design<\/h2><div id=\"text_block-46-399\" class=\"ct-text-block\" >BIM design transforms design processes by using a range of software to provide a single source of project information. It is a tool to save costs and to improve collaborative work.<\/div><a id=\"link-57-399\" class=\"ct-link icon-button-kontakt\" href=\"https:\/\/tering.hr\/en\/projektiranje\/\"    role=\"button\"><div id=\"text_block-58-399\" class=\"ct-text-block oxel_icon_button_text\" >MORE<\/div><div id=\"fancy_icon-59-399\" class=\"ct-fancy-icon oxel_icon_button_icon\" ><svg id=\"svg-fancy_icon-59-399\"><use xlink:href=\"#FontAwesomeicon-long-arrow-right\"><\/use><\/svg><\/div><\/a><\/div><div id=\"div_block-50-399\" class=\"ct-div-block\" ><img decoding=\"async\"  id=\"image-55-399\" alt=\"projektant\" src=\"https:\/\/tering.hr\/wp-content\/uploads\/2022\/06\/tering_inzenjer.jpg\" class=\"ct-image\"\/><\/div><\/div><div id=\"new_columns-32-399\" class=\"ct-new-columns\" ><div id=\"div_block-40-399\" class=\"ct-div-block\" ><img decoding=\"async\"  id=\"image-56-399\" alt=\"Tering projektiranje\" src=\"https:\/\/tering.hr\/wp-content\/uploads\/2022\/06\/tering_partnerstvo.jpg\" class=\"ct-image\"\/><\/div><div id=\"div_block-33-399\" class=\"ct-div-block\" ><div id=\"headline-34-399\" class=\"ct-headline\">SERVICES<\/div><h2 id=\"headline-35-399\" class=\"ct-headline\">Consulting<\/h2><div id=\"text_block-36-399\" class=\"ct-text-block\" >We provide a range of consulting services for project analysis, energy consumption analysis and CO2 footprint reduction. We are committed to research and development, and encourage industry input.<\/div><a id=\"link-37-399\" class=\"ct-link icon-button-kontakt\" href=\"https:\/\/tering.hr\/en\/konzalting\/\"    role=\"button\"><div id=\"text_block-38-399\" class=\"ct-text-block oxel_icon_button_text\" >MORE<\/div><div id=\"fancy_icon-39-399\" class=\"ct-fancy-icon oxel_icon_button_icon\" ><svg id=\"svg-fancy_icon-39-399\"><use xlink:href=\"#FontAwesomeicon-long-arrow-right\"><\/use><\/svg><\/div><\/a><\/div><\/div><\/div><\/section>\n\n<section id=\"section-3-403\" class=\"ct-section\" ><div class=\"ct-section-inner-wrap\"><div id=\"div_block-32-403\" class=\"ct-div-block\" ><div id=\"new_columns-4-403\" class=\"ct-new-columns\" ><div id=\"div_block-6-403\" class=\"ct-div-block\" ><div id=\"headline-35-403\" class=\"ct-headline\">SERVICES<\/div><h2 id=\"headline-7-403\" class=\"ct-headline\">Partnership<\/h2><div id=\"div_block-8-403\" class=\"ct-div-block\" ><p id=\"text_block-9-403\" class=\"ct-text-block\" >We recruit and educate some of the most talented engineers in the industry who are supported by our expert teams to deliver unrivalled construction services solutions.<br><\/p><\/div><a id=\"link-38-403\" class=\"ct-link icon-button-kontakt\" href=\"https:\/\/tering.hr\/en\/partnerstvo\/\"    role=\"button\"><div id=\"text_block-39-403\" class=\"ct-text-block oxel_icon_button_text\" >MORE<\/div><div id=\"fancy_icon-40-403\" class=\"ct-fancy-icon oxel_icon_button_icon\" ><svg id=\"svg-fancy_icon-40-403\"><use xlink:href=\"#FontAwesomeicon-long-arrow-right\"><\/use><\/svg><\/div><\/a><\/div><div id=\"div_block-5-403\" class=\"ct-div-block\" ><\/div><\/div><\/div><\/div><\/section>\n\n<section id=\"section-2-407\" class=\"ct-section\" ><div class=\"ct-section-inner-wrap\"><h3 id=\"headline-220-407\" class=\"ct-headline\">Our Projects<\/h3><div id=\"_dynamic_list-11-407\" class=\"oxy-dynamic-list\"><div id=\"div_block-12-407-1\" class=\"ct-div-block\" data-id=\"div_block-12-407\"><a id=\"link-215-407-1\" class=\"ct-link\" href=\"https:\/\/tering.hr\/en\/projekti\/preuredenje-dijela-resorta-novi\/\" target=\"_self\" data-id=\"link-215-407\"><div id=\"new_columns-13-407-1\" class=\"ct-new-columns\" data-id=\"new_columns-13-407\"><div id=\"div_block-17-407-1\" class=\"ct-div-block\" data-id=\"div_block-17-407\"><div id=\"text_block-18-407-1\" class=\"ct-text-block ln-kategorija\" data-id=\"text_block-18-407\"><span id=\"span-19-407\" class=\"ct-span\" ><a href=\"https:\/\/tering.hr\/en\/industrija\/hoteli-i-resorti\/\" rel=\"tag\">HOTELS AND RESORTS<\/a><\/span><\/div><h3 id=\"headline-20-407-1\" class=\"ct-headline\" data-id=\"headline-20-407\"><span id=\"span-21-407\" class=\"ct-span\" ><a href='https:\/\/tering.hr\/en\/projekti\/preuredenje-dijela-resorta-novi\/'>Preure\u0111enje dijela Resorta Novi<\/a><\/span><\/h3><p id=\"text_block-22-407-1\" class=\"ct-text-block\" data-id=\"text_block-22-407\"><span id=\"span-23-407\" class=\"ct-span\" >Tvrtka Tering je u periodu od 2006. \u2013 do 2008. izradila projektnu&hellip;<\/span><\/p><\/div><\/div><\/a><a id=\"link-24-407-1\" class=\"ct-link oxel_icon_button__container\" href=\"https:\/\/tering.hr\/en\/projekti\/preuredenje-dijela-resorta-novi\/\" target=\"_self\" role=\"button\" data-id=\"link-24-407\"><div id=\"text_block-25-407-1\" class=\"ct-text-block oxel_icon_button_text\" data-id=\"text_block-25-407\">READ MORE<\/div><div id=\"fancy_icon-26-407-1\" class=\"ct-fancy-icon oxel_icon_button_icon\" data-id=\"fancy_icon-26-407\"><svg id=\"svg-fancy_icon-26-407-1\" data-id=\"svg-fancy_icon-26-407\"><use xlink:href=\"#FontAwesomeicon-long-arrow-right\"><\/use><\/svg><\/div><\/a><\/div><div id=\"div_block-12-407-2\" class=\"ct-div-block\" data-id=\"div_block-12-407\"><a id=\"link-215-407-2\" class=\"ct-link\" href=\"https:\/\/tering.hr\/en\/projekti\/rekonstrukcija-stadiona-kranjceviceva\/\" target=\"_self\" data-id=\"link-215-407\"><div id=\"new_columns-13-407-2\" class=\"ct-new-columns\" data-id=\"new_columns-13-407\"><div id=\"div_block-17-407-2\" class=\"ct-div-block\" data-id=\"div_block-17-407\"><div id=\"text_block-18-407-2\" class=\"ct-text-block ln-kategorija\" data-id=\"text_block-18-407\"><span id=\"span-19-407\" class=\"ct-span\" ><a href=\"https:\/\/tering.hr\/en\/industrija\/sportski-objekti\/\" rel=\"tag\">SPORTS<\/a><\/span><\/div><h3 id=\"headline-20-407-2\" class=\"ct-headline\" data-id=\"headline-20-407\"><span id=\"span-21-407\" class=\"ct-span\" ><a href='https:\/\/tering.hr\/en\/projekti\/rekonstrukcija-stadiona-kranjceviceva\/'>Rekonstrukcija stadiona Kranj\u010devi\u0107eva<\/a><\/span><\/h3><p id=\"text_block-22-407-2\" class=\"ct-text-block\" data-id=\"text_block-22-407\"><span id=\"span-23-407\" class=\"ct-span\" >Koncem travnja 2025. zapo\u010deli su radovi ru\u0161enja stadiona u Kranj\u010devi\u0107evoj na \u010dijem&hellip;<\/span><\/p><\/div><\/div><\/a><a id=\"link-24-407-2\" class=\"ct-link oxel_icon_button__container\" href=\"https:\/\/tering.hr\/en\/projekti\/rekonstrukcija-stadiona-kranjceviceva\/\" target=\"_self\" role=\"button\" data-id=\"link-24-407\"><div id=\"text_block-25-407-2\" class=\"ct-text-block oxel_icon_button_text\" data-id=\"text_block-25-407\">READ MORE<\/div><div id=\"fancy_icon-26-407-2\" class=\"ct-fancy-icon oxel_icon_button_icon\" data-id=\"fancy_icon-26-407\"><svg id=\"svg-fancy_icon-26-407-2\" data-id=\"svg-fancy_icon-26-407\"><use xlink:href=\"#FontAwesomeicon-long-arrow-right\"><\/use><\/svg><\/div><\/a><\/div><div id=\"div_block-12-407-3\" class=\"ct-div-block\" data-id=\"div_block-12-407\"><a id=\"link-215-407-3\" class=\"ct-link\" href=\"https:\/\/tering.hr\/en\/projekti\/garazno-poslovni-objekt-small-mall-s-trafostanicom\/\" target=\"_self\" data-id=\"link-215-407\"><div id=\"new_columns-13-407-3\" class=\"ct-new-columns\" data-id=\"new_columns-13-407\"><div id=\"div_block-17-407-3\" class=\"ct-div-block\" data-id=\"div_block-17-407\"><div id=\"text_block-18-407-3\" class=\"ct-text-block ln-kategorija\" data-id=\"text_block-18-407\"><span id=\"span-19-407\" class=\"ct-span\" ><a href=\"https:\/\/tering.hr\/en\/industrija\/poslovni-i-stambeni-objekti\/\" rel=\"tag\">BUSINESS AND RESIDENTAL<\/a><\/span><\/div><h3 id=\"headline-20-407-3\" class=\"ct-headline\" data-id=\"headline-20-407\"><span id=\"span-21-407\" class=\"ct-span\" ><a href='https:\/\/tering.hr\/en\/projekti\/garazno-poslovni-objekt-small-mall-s-trafostanicom\/'>Gara\u017eno poslovni objekt Small Mall s trafostanicom<\/a><\/span><\/h3><p id=\"text_block-22-407-3\" class=\"ct-text-block\" data-id=\"text_block-22-407\"><span id=\"span-23-407\" class=\"ct-span\" >Ova vi\u0161enamjenska gra\u0111evina sastoji se od: podzemne javne gara\u017ee s vi\u0161e od&hellip;<\/span><\/p><\/div><\/div><\/a><a id=\"link-24-407-3\" class=\"ct-link oxel_icon_button__container\" href=\"https:\/\/tering.hr\/en\/projekti\/garazno-poslovni-objekt-small-mall-s-trafostanicom\/\" target=\"_self\" role=\"button\" data-id=\"link-24-407\"><div id=\"text_block-25-407-3\" class=\"ct-text-block oxel_icon_button_text\" data-id=\"text_block-25-407\">READ MORE<\/div><div id=\"fancy_icon-26-407-3\" class=\"ct-fancy-icon oxel_icon_button_icon\" data-id=\"fancy_icon-26-407\"><svg id=\"svg-fancy_icon-26-407-3\" data-id=\"svg-fancy_icon-26-407\"><use xlink:href=\"#FontAwesomeicon-long-arrow-right\"><\/use><\/svg><\/div><\/a><\/div><div id=\"div_block-12-407-4\" class=\"ct-div-block\" data-id=\"div_block-12-407\"><a id=\"link-215-407-4\" class=\"ct-link\" href=\"https:\/\/tering.hr\/en\/projekti\/turisticko-naselje-suha-punta\/\" target=\"_self\" data-id=\"link-215-407\"><div id=\"new_columns-13-407-4\" class=\"ct-new-columns\" data-id=\"new_columns-13-407\"><div id=\"div_block-17-407-4\" class=\"ct-div-block\" data-id=\"div_block-17-407\"><div id=\"text_block-18-407-4\" class=\"ct-text-block ln-kategorija\" data-id=\"text_block-18-407\"><span id=\"span-19-407\" class=\"ct-span\" ><a href=\"https:\/\/tering.hr\/en\/industrija\/hoteli-i-resorti\/\" rel=\"tag\">HOTELS AND RESORTS<\/a><\/span><\/div><h3 id=\"headline-20-407-4\" class=\"ct-headline\" data-id=\"headline-20-407\"><span id=\"span-21-407\" class=\"ct-span\" ><a href='https:\/\/tering.hr\/en\/projekti\/turisticko-naselje-suha-punta\/'>Arba Resort, Rab<\/a><\/span><\/h3><p id=\"text_block-22-407-4\" class=\"ct-text-block\" data-id=\"text_block-22-407\"><span id=\"span-23-407\" class=\"ct-span\" >Projekt izgradnje i rekonstrukcije Arba Resorta na otoku Rabu, smje\u0161ten na \u0161umovitom&hellip;<\/span><\/p><\/div><\/div><\/a><a id=\"link-24-407-4\" class=\"ct-link oxel_icon_button__container\" href=\"https:\/\/tering.hr\/en\/projekti\/turisticko-naselje-suha-punta\/\" target=\"_self\" role=\"button\" data-id=\"link-24-407\"><div id=\"text_block-25-407-4\" class=\"ct-text-block oxel_icon_button_text\" data-id=\"text_block-25-407\">READ MORE<\/div><div id=\"fancy_icon-26-407-4\" class=\"ct-fancy-icon oxel_icon_button_icon\" data-id=\"fancy_icon-26-407\"><svg id=\"svg-fancy_icon-26-407-4\" data-id=\"svg-fancy_icon-26-407\"><use xlink:href=\"#FontAwesomeicon-long-arrow-right\"><\/use><\/svg><\/div><\/a><\/div>                    \n                                            \n                                        \n                    <\/div>\n<\/div><\/section>\n\n<section id=\"section-2-410\" class=\"ct-section\" ><div class=\"ct-section-inner-wrap\"><div id=\"div_block-3-410\" class=\"ct-div-block oxel_logo_slider\" ><div id=\"code_block-4-410\" class=\"ct-code-block\" ><!-- --><\/div><div id=\"div_block-5-410\" class=\"ct-div-block oxel_logo_slider__image_carrier\"  position=\"0\"><div id=\"div_block-6-410\" class=\"ct-div-block oxel_logo_slider__logo\" ><img decoding=\"async\"  id=\"image-7-410\" alt=\"Valamar\" src=\"https:\/\/tering.hr\/wp-content\/uploads\/2022\/08\/valamar_logo.svg\" class=\"ct-image\"\/><\/div><div id=\"div_block-8-410\" class=\"ct-div-block oxel_logo_slider__logo\" ><img decoding=\"async\"  id=\"image-9-410\" alt=\"BAT\" src=\"https:\/\/tering.hr\/wp-content\/uploads\/2022\/08\/bat_logo.svg\" class=\"ct-image\"\/><\/div><div id=\"div_block-10-410\" class=\"ct-div-block oxel_logo_slider__logo\" ><img decoding=\"async\"  id=\"image-11-410\" alt=\"MAISTRA\" src=\"https:\/\/tering.hr\/wp-content\/uploads\/2022\/08\/maistra_logo.svg\" class=\"ct-image\"\/><\/div><div id=\"div_block-12-410\" class=\"ct-div-block oxel_logo_slider__logo\" ><img decoding=\"async\"  id=\"image-13-410\" alt=\"IKEA\" src=\"https:\/\/tering.hr\/wp-content\/uploads\/2022\/06\/ikea_logo.svg\" class=\"ct-image\"\/><\/div><\/div><div id=\"div_block-16-410\" class=\"ct-div-block oxel_logo_slider__image_carrier oxel_logo_slider__image_carrier--delay\"  position=\"0\"><div id=\"div_block-14-410\" class=\"ct-div-block oxel_logo_slider__logo\" ><img decoding=\"async\"  id=\"image-15-410\" alt=\"ACG\" src=\"https:\/\/tering.hr\/wp-content\/uploads\/2022\/08\/acg_logo.svg\" class=\"ct-image\"\/><\/div><div id=\"div_block-17-410\" class=\"ct-div-block oxel_logo_slider__logo\" ><img decoding=\"async\"  id=\"image-18-410\" alt=\"AMELICOR\" src=\"https:\/\/tering.hr\/wp-content\/uploads\/2022\/08\/amelicor_logo.svg\" class=\"ct-image\"\/><\/div><div id=\"div_block-19-410\" class=\"ct-div-block oxel_logo_slider__logo\" ><img decoding=\"async\"  id=\"image-20-410\" alt=\"Kamgrad\" src=\"https:\/\/tering.hr\/wp-content\/uploads\/2022\/09\/kamgrad_logo.svg\" class=\"ct-image\"\/><\/div><div id=\"div_block-21-410\" class=\"ct-div-block oxel_logo_slider__logo\" ><img decoding=\"async\"  id=\"image-22-410\" alt=\"SPAR\" src=\"https:\/\/tering.hr\/wp-content\/uploads\/2022\/09\/spar_logo.svg\" class=\"ct-image\"\/><\/div><\/div><\/div><\/div><\/section>\n\n<section id=\"section-137-357\" class=\"ct-section\" ><div class=\"ct-section-inner-wrap\"><div id=\"new_columns-141-357\" class=\"ct-new-columns\" ><div id=\"div_block-144-357\" class=\"ct-div-block\" ><div id=\"headline-139-357\" class=\"ct-headline\">CONTACT US<\/div><div id=\"text_block-140-357\" class=\"ct-text-block\" >We will be happy to advise you. Send us an inquiry and our team will contact you as soon as possible.<\/div><\/div><div id=\"div_block-145-357\" class=\"ct-div-block\" ><a id=\"link-150-357\" class=\"ct-link icon-button-kontakt\" href=\"https:\/\/tering.hr\/en\/kontakt\/\"    role=\"button\"><div id=\"text_block-152-357\" class=\"ct-text-block oxel_icon_button_text\" >CONTACT<\/div><div id=\"fancy_icon-151-357\" class=\"ct-fancy-icon oxel_icon_button_icon\" ><svg id=\"svg-fancy_icon-151-357\"><use xlink:href=\"#FontAwesomeicon-long-arrow-right\"><\/use><\/svg><\/div><\/a><\/div><\/div><\/div><\/section>","protected":false},"excerpt":{"rendered":"<p>Pru\u017eamo skup konzultantskih usluga analize projekta, analize potro\u0161nje energije i savjetovanje o smanjenju CO2 otiska. Predani smo istra\u017eivanju i razvoju te poti\u010demo mi\u0161ljenje industrije.<\/p>","protected":false},"author":1,"featured_media":61,"parent":0,"menu_order":0,"comment_status":"closed","ping_status":"closed","template":"","meta":{"_acf_changed":false,"inline_featured_image":false,"footnotes":""},"class_list":["post-69","page","type-page","status-publish","has-post-thumbnail","hentry"],"acf":[],"yoast_head":"<!-- This site is optimized with the Yoast SEO plugin v27.4 - https:\/\/yoast.com\/product\/yoast-seo-wordpress\/ -->\n<title>BIM projektiranje i sveobuhvatne MEP usluge za investitore - Tering<\/title>\n<meta name=\"description\" content=\"Regionalni lider u projektiranju termotehni\u010dkih instalacija, BIM projektiranje i sveobuhvatne MEP usluga za investitore i konzultantske ku\u0107e.\" \/>\n<meta name=\"robots\" content=\"index, follow, max-snippet:-1, max-image-preview:large, max-video-preview:-1\" \/>\n<link rel=\"canonical\" href=\"https:\/\/tering.hr\/en\/\" \/>\n<meta property=\"og:locale\" content=\"en_GB\" \/>\n<meta property=\"og:type\" content=\"article\" \/>\n<meta property=\"og:title\" content=\"BIM projektiranje i sveobuhvatne MEP usluge za investitore - Tering\" \/>\n<meta property=\"og:description\" content=\"Regionalni lider u projektiranju termotehni\u010dkih instalacija, BIM projektiranje i sveobuhvatne MEP usluga za investitore i konzultantske ku\u0107e.\" \/>\n<meta property=\"og:url\" content=\"https:\/\/tering.hr\/en\/\" \/>\n<meta property=\"og:site_name\" content=\"Tering\" \/>\n<meta property=\"article:modified_time\" content=\"2022-09-14T09:22:28+00:00\" \/>\n<meta property=\"og:image\" content=\"https:\/\/tering.hr\/wp-content\/uploads\/2022\/06\/tering_cover.jpg\" \/>\n\t<meta property=\"og:image:width\" content=\"1920\" \/>\n\t<meta property=\"og:image:height\" content=\"700\" \/>\n\t<meta property=\"og:image:type\" content=\"image\/jpeg\" \/>\n<meta name=\"twitter:card\" content=\"summary_large_image\" \/>\n<script type=\"application\/ld+json\" class=\"yoast-schema-graph\">{\"@context\":\"https:\\\/\\\/schema.org\",\"@graph\":[{\"@type\":\"WebPage\",\"@id\":\"https:\\\/\\\/tering.hr\\\/\",\"url\":\"https:\\\/\\\/tering.hr\\\/\",\"name\":\"BIM projektiranje i sveobuhvatne MEP usluge za investitore - Tering\",\"isPartOf\":{\"@id\":\"https:\\\/\\\/tering.hr\\\/#website\"},\"primaryImageOfPage\":{\"@id\":\"https:\\\/\\\/tering.hr\\\/#primaryimage\"},\"image\":{\"@id\":\"https:\\\/\\\/tering.hr\\\/#primaryimage\"},\"thumbnailUrl\":\"https:\\\/\\\/tering.hr\\\/wp-content\\\/uploads\\\/2022\\\/06\\\/tering_cover.jpg\",\"datePublished\":\"2022-06-28T12:35:40+00:00\",\"dateModified\":\"2022-09-14T09:22:28+00:00\",\"description\":\"Regionalni lider u projektiranju termotehni\u010dkih instalacija, BIM projektiranje i sveobuhvatne MEP usluga za investitore i konzultantske ku\u0107e.\",\"breadcrumb\":{\"@id\":\"https:\\\/\\\/tering.hr\\\/#breadcrumb\"},\"inLanguage\":\"en-GB\",\"potentialAction\":[{\"@type\":\"ReadAction\",\"target\":[\"https:\\\/\\\/tering.hr\\\/\"]}]},{\"@type\":\"ImageObject\",\"inLanguage\":\"en-GB\",\"@id\":\"https:\\\/\\\/tering.hr\\\/#primaryimage\",\"url\":\"https:\\\/\\\/tering.hr\\\/wp-content\\\/uploads\\\/2022\\\/06\\\/tering_cover.jpg\",\"contentUrl\":\"https:\\\/\\\/tering.hr\\\/wp-content\\\/uploads\\\/2022\\\/06\\\/tering_cover.jpg\",\"width\":1920,\"height\":700,\"caption\":\"bckg\"},{\"@type\":\"BreadcrumbList\",\"@id\":\"https:\\\/\\\/tering.hr\\\/#breadcrumb\",\"itemListElement\":[{\"@type\":\"ListItem\",\"position\":1,\"name\":\"Po\u010detna stranica\",\"item\":\"https:\\\/\\\/tering.hr\\\/\"},{\"@type\":\"ListItem\",\"position\":2,\"name\":\"Po\u010detna\"}]},{\"@type\":\"WebSite\",\"@id\":\"https:\\\/\\\/tering.hr\\\/#website\",\"url\":\"https:\\\/\\\/tering.hr\\\/\",\"name\":\"Tering\",\"description\":\"Sustainable Cycle Modeling\",\"publisher\":{\"@id\":\"https:\\\/\\\/tering.hr\\\/#organization\"},\"potentialAction\":[{\"@type\":\"SearchAction\",\"target\":{\"@type\":\"EntryPoint\",\"urlTemplate\":\"https:\\\/\\\/tering.hr\\\/?s={search_term_string}\"},\"query-input\":{\"@type\":\"PropertyValueSpecification\",\"valueRequired\":true,\"valueName\":\"search_term_string\"}}],\"inLanguage\":\"en-GB\"},{\"@type\":\"Organization\",\"@id\":\"https:\\\/\\\/tering.hr\\\/#organization\",\"name\":\"Tering\",\"url\":\"https:\\\/\\\/tering.hr\\\/\",\"logo\":{\"@type\":\"ImageObject\",\"inLanguage\":\"en-GB\",\"@id\":\"https:\\\/\\\/tering.hr\\\/#\\\/schema\\\/logo\\\/image\\\/\",\"url\":\"https:\\\/\\\/tering.hr\\\/wp-content\\\/uploads\\\/2022\\\/06\\\/TERING_logo_web_poz.svg\",\"contentUrl\":\"https:\\\/\\\/tering.hr\\\/wp-content\\\/uploads\\\/2022\\\/06\\\/TERING_logo_web_poz.svg\",\"width\":\"1024\",\"height\":\"1024\",\"caption\":\"Tering\"},\"image\":{\"@id\":\"https:\\\/\\\/tering.hr\\\/#\\\/schema\\\/logo\\\/image\\\/\"}}]}<\/script>\n<!-- \/ Yoast SEO plugin. -->","yoast_head_json":{"title":"BIM projektiranje i sveobuhvatne MEP usluge za investitore - Tering","description":"Regionalni lider u projektiranju termotehni\u010dkih instalacija, BIM projektiranje i sveobuhvatne MEP usluga za investitore i konzultantske ku\u0107e.","robots":{"index":"index","follow":"follow","max-snippet":"max-snippet:-1","max-image-preview":"max-image-preview:large","max-video-preview":"max-video-preview:-1"},"canonical":"https:\/\/tering.hr\/en\/","og_locale":"en_GB","og_type":"article","og_title":"BIM projektiranje i sveobuhvatne MEP usluge za investitore - Tering","og_description":"Regionalni lider u projektiranju termotehni\u010dkih instalacija, BIM projektiranje i sveobuhvatne MEP usluga za investitore i konzultantske ku\u0107e.","og_url":"https:\/\/tering.hr\/en\/","og_site_name":"Tering","article_modified_time":"2022-09-14T09:22:28+00:00","og_image":[{"width":1920,"height":700,"url":"https:\/\/tering.hr\/wp-content\/uploads\/2022\/06\/tering_cover.jpg","type":"image\/jpeg"}],"twitter_card":"summary_large_image","schema":{"@context":"https:\/\/schema.org","@graph":[{"@type":"WebPage","@id":"https:\/\/tering.hr\/","url":"https:\/\/tering.hr\/","name":"BIM projektiranje i sveobuhvatne MEP usluge za investitore - Tering","isPartOf":{"@id":"https:\/\/tering.hr\/#website"},"primaryImageOfPage":{"@id":"https:\/\/tering.hr\/#primaryimage"},"image":{"@id":"https:\/\/tering.hr\/#primaryimage"},"thumbnailUrl":"https:\/\/tering.hr\/wp-content\/uploads\/2022\/06\/tering_cover.jpg","datePublished":"2022-06-28T12:35:40+00:00","dateModified":"2022-09-14T09:22:28+00:00","description":"Regionalni lider u projektiranju termotehni\u010dkih instalacija, BIM projektiranje i sveobuhvatne MEP usluga za investitore i konzultantske ku\u0107e.","breadcrumb":{"@id":"https:\/\/tering.hr\/#breadcrumb"},"inLanguage":"en-GB","potentialAction":[{"@type":"ReadAction","target":["https:\/\/tering.hr\/"]}]},{"@type":"ImageObject","inLanguage":"en-GB","@id":"https:\/\/tering.hr\/#primaryimage","url":"https:\/\/tering.hr\/wp-content\/uploads\/2022\/06\/tering_cover.jpg","contentUrl":"https:\/\/tering.hr\/wp-content\/uploads\/2022\/06\/tering_cover.jpg","width":1920,"height":700,"caption":"bckg"},{"@type":"BreadcrumbList","@id":"https:\/\/tering.hr\/#breadcrumb","itemListElement":[{"@type":"ListItem","position":1,"name":"Po\u010detna stranica","item":"https:\/\/tering.hr\/"},{"@type":"ListItem","position":2,"name":"Po\u010detna"}]},{"@type":"WebSite","@id":"https:\/\/tering.hr\/#website","url":"https:\/\/tering.hr\/","name":"Tering","description":"Sustainable Cycle Modeling","publisher":{"@id":"https:\/\/tering.hr\/#organization"},"potentialAction":[{"@type":"SearchAction","target":{"@type":"EntryPoint","urlTemplate":"https:\/\/tering.hr\/?s={search_term_string}"},"query-input":{"@type":"PropertyValueSpecification","valueRequired":true,"valueName":"search_term_string"}}],"inLanguage":"en-GB"},{"@type":"Organization","@id":"https:\/\/tering.hr\/#organization","name":"Tering","url":"https:\/\/tering.hr\/","logo":{"@type":"ImageObject","inLanguage":"en-GB","@id":"https:\/\/tering.hr\/#\/schema\/logo\/image\/","url":"https:\/\/tering.hr\/wp-content\/uploads\/2022\/06\/TERING_logo_web_poz.svg","contentUrl":"https:\/\/tering.hr\/wp-content\/uploads\/2022\/06\/TERING_logo_web_poz.svg","width":"1024","height":"1024","caption":"Tering"},"image":{"@id":"https:\/\/tering.hr\/#\/schema\/logo\/image\/"}}]}},"_links":{"self":[{"href":"https:\/\/tering.hr\/en\/wp-json\/wp\/v2\/pages\/69","targetHints":{"allow":["GET"]}}],"collection":[{"href":"https:\/\/tering.hr\/en\/wp-json\/wp\/v2\/pages"}],"about":[{"href":"https:\/\/tering.hr\/en\/wp-json\/wp\/v2\/types\/page"}],"author":[{"embeddable":true,"href":"https:\/\/tering.hr\/en\/wp-json\/wp\/v2\/users\/1"}],"replies":[{"embeddable":true,"href":"https:\/\/tering.hr\/en\/wp-json\/wp\/v2\/comments?post=69"}],"version-history":[{"count":4,"href":"https:\/\/tering.hr\/en\/wp-json\/wp\/v2\/pages\/69\/revisions"}],"predecessor-version":[{"id":867,"href":"https:\/\/tering.hr\/en\/wp-json\/wp\/v2\/pages\/69\/revisions\/867"}],"wp:featuredmedia":[{"embeddable":true,"href":"https:\/\/tering.hr\/en\/wp-json\/wp\/v2\/media\/61"}],"wp:attachment":[{"href":"https:\/\/tering.hr\/en\/wp-json\/wp\/v2\/media?parent=69"}],"curies":[{"name":"wp","href":"https:\/\/api.w.org\/{rel}","templated":true}]}}